{"id":35,"date":"2013-10-04T16:58:28","date_gmt":"2013-10-04T14:58:28","guid":{"rendered":"http:\/\/www.meier-bergen.de\/?page_id=35"},"modified":"2022-04-15T19:27:54","modified_gmt":"2022-04-15T18:27:54","slug":"ausstattung","status":"publish","type":"page","link":"https:\/\/www.meier-bergen.de\/?page_id=35","title":{"rendered":"Ausstattung"},"content":{"rendered":"<div class=\"twoclick_social_bookmarks_post_35 social_share_privacy clearfix 1.6.4 locale-de_DE sprite-de_DE\"><\/div><div class=\"twoclick-js\"><script type=\"text\/javascript\">\/* <![CDATA[ *\/\njQuery(document).ready(function($){if($('.twoclick_social_bookmarks_post_35')){$('.twoclick_social_bookmarks_post_35').socialSharePrivacy({\"services\":{\"facebook\":{\"status\":\"on\",\"txt_info\":\"2 Klicks f\\u00fcr mehr Datenschutz: Erst wenn Sie hier klicken, wird der Button aktiv und Sie k\\u00f6nnen Ihre Empfehlung an Facebook senden. Schon beim Aktivieren werden Daten an Dritte \\u00fcbertragen - siehe <em>i<\\\/em>.\",\"perma_option\":\"off\",\"action\":\"recommend\",\"language\":\"de_DE\"},\"twitter\":{\"reply_to\":\"\",\"tweet_text\":\"Ausstattung%20%C2%BB%20Ferienwohnung%20der%20Familie%20Meier%20in%20Bergen%20am%20Hochfelln\",\"status\":\"on\",\"txt_info\":\"2 Klicks f\\u00fcr mehr Datenschutz: Erst wenn Sie hier klicken, wird der Button aktiv und Sie k\\u00f6nnen Ihre Empfehlung an Twitter senden. Schon beim Aktivieren werden Daten an Dritte \\u00fcbertragen - siehe <em>i<\\\/em>.\",\"perma_option\":\"off\",\"language\":\"de\",\"referrer_track\":\"\"},\"gplus\":{\"status\":\"on\",\"txt_info\":\"2 Klicks f\\u00fcr mehr Datenschutz: Erst wenn Sie hier klicken, wird der Button aktiv und Sie k\\u00f6nnen Ihre Empfehlung an Google+ senden. Schon beim Aktivieren werden Daten an Dritte \\u00fcbertragen - siehe <em>i<\\\/em>.\",\"perma_option\":\"off\",\"referrer_track\":\"\"},\"xing\":{\"status\":\"on\",\"txt_info\":\"2 Klicks f\\u00fcr mehr Datenschutz: Erst wenn Sie hier klicken, wird der Button aktiv und Sie k\\u00f6nnen Ihre Empfehlung an Xing senden. Schon beim Aktivieren werden Daten an Dritte \\u00fcbertragen - siehe <em>i<\\\/em>.\",\"perma_option\":\"off\",\"language\":\"de\",\"referrer_track\":\"\"},\"pinterest\":{\"status\":\"on\",\"the_excerpt\":\"Ausstattung\",\"txt_info\":\"2 Klicks f\\u00fcr mehr Datenschutz: Erst wenn Sie hier klicken, wird der Button aktiv und Sie k\\u00f6nnen Ihre Empfehlung an Pinterest senden. Schon beim Aktivieren werden Daten an Dritte \\u00fcbertragen - siehe <em>i<\\\/em>.\",\"perma_option\":\"off\",\"media\":\"http:\\\/\\\/www.meier-bergen.de\\\/wp-content\\\/uploads\\\/2013\\\/10\\\/Logo-klein1.jpg\"},\"linkedin\":{\"status\":\"on\",\"txt_info\":\"2 Klicks f\\u00fcr mehr Datenschutz: Erst wenn Sie hier klicken, wird der Button aktiv und Sie k\\u00f6nnen Ihre Empfehlung an LinkedIn senden. Schon beim Aktivieren werden Daten an Dritte \\u00fcbertragen - siehe <em>i<\\\/em>.\",\"perma_option\":\"off\"}},\"txt_help\":\"Wenn Sie diese Felder durch einen Klick aktivieren, werden Informationen an Facebook, Twitter, Flattr, Xing, t3n, LinkedIn, Pinterest oder Google eventuell ins Ausland \\u00fcbertragen und unter Umst\\u00e4nden auch dort gespeichert. N\\u00e4heres erfahren Sie durch einen Klick auf das <em>i<\\\/em>.\",\"settings_perma\":\"Dauerhaft aktivieren und Daten\\u00fcber-tragung zustimmen:\",\"info_link\":\"http:\\\/\\\/www.heise.de\\\/ct\\\/artikel\\\/2-Klicks-fuer-mehr-Datenschutz-1333879.html\",\"uri\":\"https:\\\/\\\/www.meier-bergen.de\\\/?page_id=35\",\"post_id\":35,\"post_title_referrer_track\":\"Ausstattung\",\"display_infobox\":\"on\"});}});\n\/* ]]> *\/<\/script><\/div><p>Die Ferienwohnung verf\u00fcgt \u00fcber 60 qm und ist in Wohn-, Ess- und Schlafbereich sowie Flur, Bad, K\u00fcche und Balkon aufgeteilt.<\/p>\n<p>Die Bereiche sind wie nachfolgend dargestellt ausgestattet.<\/p>\n<p>Kostenloses W-LAN steht Ihnen zur Verf\u00fcgung. Eine eigene T\u00fcrsprechstelle sowie Telefon-Festnetzanschluss kann bei l\u00e4ngeren Aufenthalten auf vorherige Anfrage hin eingerichtet werden. Bitte beachten Sie f\u00fcr die Bereitstellung und Nutzung den entsprechenden Abschnitt in unseren&nbsp;<a title=\"Mietbedingungen\" href=\"https:\/\/www.meier-bergen.de\/?page_id=46\">Mietbedingungen.<\/a><\/p>\n<h3>Wohnbereich<\/h3>\n<ul>\n<li>Gro\u00dfes Panoramafenster mit Lamellenverdunkelung<\/li>\n<li>Couch 3-sitzig<\/li>\n<li>Couch 2-sitzig<\/li>\n<li>Couchtisch<\/li>\n<li>Halogen-Deckenleuchte<\/li>\n<li>Lampe und Beistelltisch<\/li>\n<li>Stereoanlage<\/li>\n<li>Fernseher (Telekom Magenta-TV) mit Fernbedienung<\/li>\n<li>Hochwertiger Parkettboden<\/li>\n<\/ul>\n<h3>Essbereich<\/h3>\n<ul>\n<li>Zweisitzer<\/li>\n<li>Drei St\u00fchle<\/li>\n<li>Esstisch<\/li>\n<li>Deckenleuchte<\/li>\n<li>Schrank<\/li>\n<li>Hochwertiger Parkettboden<\/li>\n<\/ul>\n<h3>Schlafbereich<\/h3>\n<ul>\n<li>Zwei Betten mit elektrisch verstellbaren Kopf- und Fu\u00dfteilen<\/li>\n<li>Deckenleuchte<\/li>\n<li>Komode<\/li>\n<li>Sitzegelegenheit<\/li>\n<li>Dachfenster<\/li>\n<li>Hochwertiger Parkettboden<\/li>\n<\/ul>\n<h3>Flur und Eingangsbereich<\/h3>\n<ul>\n<li>Ein Einbau-Kleiderschrank im Flur<\/li>\n<li>Ein Einbau-Kleiderschrank im Eingangsbereich<\/li>\n<\/ul>\n<h3>Bad<\/h3>\n<ul>\n<li>Waschbecken<\/li>\n<li>Wandspiegel<\/li>\n<li>Toilette<\/li>\n<li>Dusche<\/li>\n<li>Beheizbarer Handtuchhalter<\/li>\n<li>Elektrische Entl\u00fcftung<\/li>\n<li>Decken- und Spiegelleuchte<\/li>\n<li>Waschmaschine und W\u00e4schetrockner<\/li>\n<li>Dachfenster<\/li>\n<li>Wei\u00df geflie\u00dfter Fu\u00dfboden<\/li>\n<\/ul>\n<h3>K\u00fcche<\/h3>\n<ul>\n<li>Moderne Einbauk\u00fcche<\/li>\n<li>Geschirrsp\u00fcler<\/li>\n<li>Backofen<\/li>\n<li>Cerankochfeld<\/li>\n<li>Kaffeemaschine<\/li>\n<li>Toaster<\/li>\n<li>Dunstabzug ins Freie<\/li>\n<li>K\u00fchlschrank mit Gefrierfach<\/li>\n<li>Dachfenster<\/li>\n<li>Hochwertiger Parkettboden<\/li>\n<li>Koch- und Essgeschirr<\/li>\n<\/ul>\n<h3>Balkon (\u00fcberdacht)<\/h3>\n<ul>\n<li>Tisch<\/li>\n<li>Zwei Sitz-\/Liegest\u00fchle<\/li>\n<\/ul>\n","protected":false},"excerpt":{"rendered":"<p>Die Ferienwohnung verf\u00fcgt \u00fcber 60 qm und ist in Wohn-, Ess- und Schlafbereich sowie Flur, Bad, K\u00fcche und Balkon aufgeteilt. Die Bereiche sind wie nachfolgend dargestellt ausgestattet. Kostenloses W-LAN steht Ihnen zur Verf\u00fcgung. Eine eigene T\u00fcrsprechstelle sowie Telefon-Festnetzanschluss kann bei l\u00e4ngeren Aufenthalten auf vorherige Anfrage hin eingerichtet werden. Bitte beachten Sie f\u00fcr die Bereitstellung und [&hellip;]<\/p>\n","protected":false},"author":2,"featured_media":0,"parent":31,"menu_order":1,"comment_status":"closed","ping_status":"closed","template":"page-templates\/full-width.php","meta":{"om_disable_all_campaigns":false,"_monsterinsights_skip_tracking":false,"_monsterinsights_sitenote_active":false,"_monsterinsights_sitenote_note":"","_monsterinsights_sitenote_category":0,"_uf_show_specific_survey":0,"_uf_disable_surveys":false,"ngg_post_thumbnail":0,"footnotes":""},"class_list":["post-35","page","type-page","status-publish","hentry"],"aioseo_notices":[],"_links":{"self":[{"href":"https:\/\/www.meier-bergen.de\/index.php?rest_route=\/wp\/v2\/pages\/35","targetHints":{"allow":["GET"]}}],"collection":[{"href":"https:\/\/www.meier-bergen.de\/index.php?rest_route=\/wp\/v2\/pages"}],"about":[{"href":"https:\/\/www.meier-bergen.de\/index.php?rest_route=\/wp\/v2\/types\/page"}],"author":[{"embeddable":true,"href":"https:\/\/www.meier-bergen.de\/index.php?rest_route=\/wp\/v2\/users\/2"}],"replies":[{"embeddable":true,"href":"https:\/\/www.meier-bergen.de\/index.php?rest_route=%2Fwp%2Fv2%2Fcomments&post=35"}],"version-history":[{"count":2,"href":"https:\/\/www.meier-bergen.de\/index.php?rest_route=\/wp\/v2\/pages\/35\/revisions"}],"predecessor-version":[{"id":536,"href":"https:\/\/www.meier-bergen.de\/index.php?rest_route=\/wp\/v2\/pages\/35\/revisions\/536"}],"up":[{"embeddable":true,"href":"https:\/\/www.meier-bergen.de\/index.php?rest_route=\/wp\/v2\/pages\/31"}],"wp:attachment":[{"href":"https:\/\/www.meier-bergen.de\/index.php?rest_route=%2Fwp%2Fv2%2Fmedia&parent=35"}],"curies":[{"name":"wp","href":"https:\/\/api.w.org\/{rel}","templated":true}]}}