{"id":302,"date":"2016-12-24T12:25:32","date_gmt":"2016-12-24T11:25:32","guid":{"rendered":"http:\/\/www.meier-bergen.de\/?page_id=302"},"modified":"2016-12-24T12:25:32","modified_gmt":"2016-12-24T11:25:32","slug":"w-lan-bedingungen","status":"publish","type":"page","link":"https:\/\/www.meier-bergen.de\/?page_id=302","title":{"rendered":"W-LAN Bedingungen"},"content":{"rendered":"<div class=\"twoclick_social_bookmarks_post_302 social_share_privacy clearfix 1.6.4 locale-de_DE sprite-de_DE\"><\/div><div class=\"twoclick-js\"><script type=\"text\/javascript\">\/* <![CDATA[ *\/\njQuery(document).ready(function($){if($('.twoclick_social_bookmarks_post_302')){$('.twoclick_social_bookmarks_post_302').socialSharePrivacy({\"services\":{\"facebook\":{\"status\":\"on\",\"txt_info\":\"2 Klicks f\\u00fcr mehr Datenschutz: Erst wenn Sie hier klicken, wird der Button aktiv und Sie k\\u00f6nnen Ihre Empfehlung an Facebook senden. Schon beim Aktivieren werden Daten an Dritte \\u00fcbertragen - siehe <em>i<\\\/em>.\",\"perma_option\":\"off\",\"action\":\"recommend\",\"language\":\"de_DE\"},\"twitter\":{\"reply_to\":\"\",\"tweet_text\":\"W-LAN%20Bedingungen%20%C2%BB%20Ferienwohnung%20der%20Familie%20Meier%20in%20Bergen%20am%20Hochfelln\",\"status\":\"on\",\"txt_info\":\"2 Klicks f\\u00fcr mehr Datenschutz: Erst wenn Sie hier klicken, wird der Button aktiv und Sie k\\u00f6nnen Ihre Empfehlung an Twitter senden. Schon beim Aktivieren werden Daten an Dritte \\u00fcbertragen - siehe <em>i<\\\/em>.\",\"perma_option\":\"off\",\"language\":\"de\",\"referrer_track\":\"\"},\"gplus\":{\"status\":\"on\",\"txt_info\":\"2 Klicks f\\u00fcr mehr Datenschutz: Erst wenn Sie hier klicken, wird der Button aktiv und Sie k\\u00f6nnen Ihre Empfehlung an Google+ senden. Schon beim Aktivieren werden Daten an Dritte \\u00fcbertragen - siehe <em>i<\\\/em>.\",\"perma_option\":\"off\",\"referrer_track\":\"\"},\"xing\":{\"status\":\"on\",\"txt_info\":\"2 Klicks f\\u00fcr mehr Datenschutz: Erst wenn Sie hier klicken, wird der Button aktiv und Sie k\\u00f6nnen Ihre Empfehlung an Xing senden. Schon beim Aktivieren werden Daten an Dritte \\u00fcbertragen - siehe <em>i<\\\/em>.\",\"perma_option\":\"off\",\"language\":\"de\",\"referrer_track\":\"\"},\"pinterest\":{\"status\":\"on\",\"the_excerpt\":\"W-LAN Bedingungen\",\"txt_info\":\"2 Klicks f\\u00fcr mehr Datenschutz: Erst wenn Sie hier klicken, wird der Button aktiv und Sie k\\u00f6nnen Ihre Empfehlung an Pinterest senden. Schon beim Aktivieren werden Daten an Dritte \\u00fcbertragen - siehe <em>i<\\\/em>.\",\"perma_option\":\"off\",\"media\":\"http:\\\/\\\/www.meier-bergen.de\\\/wp-content\\\/uploads\\\/2013\\\/10\\\/Logo-klein1.jpg\"},\"linkedin\":{\"status\":\"on\",\"txt_info\":\"2 Klicks f\\u00fcr mehr Datenschutz: Erst wenn Sie hier klicken, wird der Button aktiv und Sie k\\u00f6nnen Ihre Empfehlung an LinkedIn senden. Schon beim Aktivieren werden Daten an Dritte \\u00fcbertragen - siehe <em>i<\\\/em>.\",\"perma_option\":\"off\"}},\"txt_help\":\"Wenn Sie diese Felder durch einen Klick aktivieren, werden Informationen an Facebook, Twitter, Flattr, Xing, t3n, LinkedIn, Pinterest oder Google eventuell ins Ausland \\u00fcbertragen und unter Umst\\u00e4nden auch dort gespeichert. N\\u00e4heres erfahren Sie durch einen Klick auf das <em>i<\\\/em>.\",\"settings_perma\":\"Dauerhaft aktivieren und Daten\\u00fcber-tragung zustimmen:\",\"info_link\":\"http:\\\/\\\/www.heise.de\\\/ct\\\/artikel\\\/2-Klicks-fuer-mehr-Datenschutz-1333879.html\",\"uri\":\"https:\\\/\\\/www.meier-bergen.de\\\/?page_id=302\",\"post_id\":302,\"post_title_referrer_track\":\"W-LAN+Bedingungen\",\"display_infobox\":\"on\"});}});\n\/* ]]> *\/<\/script><\/div><p>Mit Anmeldung im W-LAN der Ferienohnung akzeptieren Sie folgende Nutzungsbedingungen:<\/p>\n<p><strong>Nutzungsbedingungen f\u00fcr die W-LAN-Nutzung<\/strong><\/p>\n<p><span style=\"text-decoration: underline;\">1. Gestattung zur Nutzung eines Internetzugangs mittels WLAN <\/span><\/p>\n<p>Der Vermieter unterh\u00e4lt in seinem Ferienobjekt einen Internetzugang \u00fcber WLAN. Er gestattet dem Mieter f\u00fcr die Dauer seines Aufenthaltes im Ferienobjekt eine Mitbenutzung des WLAN-Zugangs zum Internet. Der Mieter hat nicht das Recht, Dritten die Nutzung des WLANs zu 3gestatten. Der Vermieter gew\u00e4hrleistet nicht die tats\u00e4chliche Verf\u00fcgbarkeit, Geeignetheit oder Zuverl\u00e4ssigkeit des Internetzuganges f\u00fcr irgendeinen Zweck. Er ist jederzeit berechtigt, f\u00fcr den Betrieb des WLANs ganz, teilweise oder zeitweise weitere Mitnutzer zuzulassen und den Zugang des Mieters ganz, teilweise oder zeitweise zu beschr\u00e4nken oder auszuschlie\u00dfen, wenn der Anschluss rechtsmissbr\u00e4uchlich genutzt wird oder wurde, soweit der Vermieter deswegen eine Inanspruchnahme f\u00fcrchten muss und dieses nicht mit \u00fcblichen und zumutbaren Aufwand in angemessener Zeit verhindern kann. Der Vermieter beh\u00e4lt sich insbesondere vor, nach billigem Ermessen und jederzeit den Zugang auf bestimmte Seiten oder Dienste \u00fcber das WLAN zu sperren (z.B. gewaltverherrlichende, pornographische oder kostenpflichtige Seiten). Die Nutzung von File-Sharing-Diensten (z.B. eMule, BitTorrent) ist untersagt.<\/p>\n<p><span style=\"text-decoration: underline;\">2. Zugangsdaten Die Nutzung erfolgt mittels Zugangssicherung<\/span><\/p>\n<p>Die Zugangsdaten (Login und Passwort) d\u00fcrfen in keinem Fall an Dritte weitergegeben werden. Will der Mieter Dritten den Zugang zum Internet \u00fcber das WLAN gew\u00e4hren, so ist dies von der vorherigen schriftlichen Zustimmung des Vermieters und der mittels Unterschrift und vollst\u00e4ndiger Identit\u00e4tsangabe dokumentierter Akzeptanz der Regelungen dieser Nutzungsvereinbarung durch den Dritten zwingend abh\u00e4ngig. Der Mieter verpflichtet sich, seine Zugangsdaten geheim zu halten. Der Vermieter hat jederzeit das Recht, Zugangscodes zu \u00e4ndern.<\/p>\n<p><span style=\"text-decoration: underline;\">3. Gefahren der WLAN-Nutzung, Haftungsbeschr\u00e4nkung <\/span><\/p>\n<p>Der Mieter wird darauf hingewiesen, dass das WLAN nur den Zugang zum Internet erm\u00f6glicht, Virenschutz und Firewall stehen nicht zur Verf\u00fcgung. Der unter Nutzung des WLANs hergestellte Datenverkehr erfolgt unverschl\u00fcsselt. Die Daten k\u00f6nnen daher m\u00f6glicherweise von Dritten eingesehen werden. Der Vermieter weist ausdr\u00fccklich darauf hin, dass die Gefahr besteht, dass Schadsoftware (z.B. Viren, Trojaner, W\u00fcrmer, etc.) bei der Nutzung des WLANs auf das Endger\u00e4t gelangen kann. Die Nutzung des WLANs erfolgt auf eigene Gefahr und auf eigenes Risiko des Mieters. F\u00fcr Sch\u00e4den an digitalen Medien des Mieters, die durch die Nutzung des Internetzuganges entstehen, \u00fcbernimmt der Vermieter keine Haftung, es sei denn die Sch\u00e4den wurden vom Vermieter und\/ oder seinen Erf\u00fcllungsgehilfen vors\u00e4tzlich oder grob fahrl\u00e4ssig verursacht.<\/p>\n<p><span style=\"text-decoration: underline;\">4. Verantwortlichkeit und Freistellung von Anspr\u00fcchen<\/span><\/p>\n<p>F\u00fcr die \u00fcber das WLAN \u00fcbermittelten Daten, die dar\u00fcber in Anspruch genommenen kostenpflichtigen Dienstleistungen und get\u00e4tigten Rechtsgesch\u00e4fte ist der Mieter selbst verantwortlich. Besucht der Mieter kostenpflichtige Internetseiten oder geht er Verbindlichkeiten ein, sind die daraus resultierenden Kosten von ihm zu tragen. Er ist verpflichtet, bei Nutzung des WLANs das geltende Recht einzuhalten. Er wird insbesondere:<\/p>\n<ul>\n<li>das WLAN weder zum Abruf noch zur Verbreitung von sitten- oder rechtswidrigen Inhalten zu nutzen;<\/li>\n<li>keine urheberrechtlich gesch\u00fctzten G\u00fcter widerrechtlich vervielf\u00e4ltigen, verbreiten oder zug\u00e4nglich machen; dies gilt insbesondere im Zusammenhang mit dem Einsatz von Filesharing-Programmen;<\/li>\n<li>die geltenden Jugendschutzvorschriften beachten;<\/li>\n<li>keine bel\u00e4stigenden, verleumderischen oder bedrohenden Inhalte versenden oder verbreiten;<\/li>\n<li>das WLAN nicht zur Versendung von Massen-Nachrichten (Spam) und\/oder anderen Formen unzul\u00e4ssiger Werbung nutzen.<\/li>\n<\/ul>\n<p>Der Mieter stellt den Vermieter des Ferienobjektes von s\u00e4mtlichen Sch\u00e4den und Anspr\u00fcchen Dritter frei, die auf einer rechtswidrigen Verwendung des WLANs durch den Mieter und\/oder auf einem Versto\u00df gegen die vorliegende Vereinbarung beruhen, dies erstreckt sich auch auf f\u00fcr mit der Inanspruchnahme bzw. deren Abwehr zusammenh\u00e4ngende Kosten und Aufwendungen. Erkennt der Mieter oder muss er erkennen, dass eine solche Rechtsverletzung und\/oder ein solcher Versto\u00df vorliegt oder droht, weist er den Vermieter des Ferienobjektes auf diesen Umstand hin.<\/p>\n","protected":false},"excerpt":{"rendered":"<p>Mit Anmeldung im W-LAN der Ferienohnung akzeptieren Sie folgende Nutzungsbedingungen: Nutzungsbedingungen f\u00fcr die W-LAN-Nutzung 1. Gestattung zur Nutzung eines Internetzugangs mittels WLAN Der Vermieter unterh\u00e4lt in seinem Ferienobjekt einen Internetzugang \u00fcber WLAN. Er gestattet dem Mieter f\u00fcr die Dauer seines Aufenthaltes im Ferienobjekt eine Mitbenutzung des WLAN-Zugangs zum Internet. Der Mieter hat nicht das Recht, [&hellip;]<\/p>\n","protected":false},"author":2,"featured_media":0,"parent":81,"menu_order":3,"comment_status":"closed","ping_status":"closed","template":"page-templates\/full-width.php","meta":{"om_disable_all_campaigns":false,"_monsterinsights_skip_tracking":false,"_monsterinsights_sitenote_active":false,"_monsterinsights_sitenote_note":"","_monsterinsights_sitenote_category":0,"_uf_show_specific_survey":0,"_uf_disable_surveys":false,"ngg_post_thumbnail":0,"footnotes":""},"class_list":["post-302","page","type-page","status-publish","hentry"],"aioseo_notices":[],"_links":{"self":[{"href":"https:\/\/www.meier-bergen.de\/index.php?rest_route=\/wp\/v2\/pages\/302","targetHints":{"allow":["GET"]}}],"collection":[{"href":"https:\/\/www.meier-bergen.de\/index.php?rest_route=\/wp\/v2\/pages"}],"about":[{"href":"https:\/\/www.meier-bergen.de\/index.php?rest_route=\/wp\/v2\/types\/page"}],"author":[{"embeddable":true,"href":"https:\/\/www.meier-bergen.de\/index.php?rest_route=\/wp\/v2\/users\/2"}],"replies":[{"embeddable":true,"href":"https:\/\/www.meier-bergen.de\/index.php?rest_route=%2Fwp%2Fv2%2Fcomments&post=302"}],"version-history":[{"count":1,"href":"https:\/\/www.meier-bergen.de\/index.php?rest_route=\/wp\/v2\/pages\/302\/revisions"}],"predecessor-version":[{"id":303,"href":"https:\/\/www.meier-bergen.de\/index.php?rest_route=\/wp\/v2\/pages\/302\/revisions\/303"}],"up":[{"embeddable":true,"href":"https:\/\/www.meier-bergen.de\/index.php?rest_route=\/wp\/v2\/pages\/81"}],"wp:attachment":[{"href":"https:\/\/www.meier-bergen.de\/index.php?rest_route=%2Fwp%2Fv2%2Fmedia&parent=302"}],"curies":[{"name":"wp","href":"https:\/\/api.w.org\/{rel}","templated":true}]}}